{"id":6,"date":"2022-08-24T18:52:14","date_gmt":"2022-08-24T18:52:14","guid":{"rendered":"https:\/\/www.ilkkaii.com\/?page_id=6"},"modified":"2022-11-29T19:42:24","modified_gmt":"2022-11-29T19:42:24","slug":"ilkka-ii","status":"publish","type":"page","link":"https:\/\/www.ilkkaii.com\/index.php\/ilkka-ii\/","title":{"rendered":"Ilkka II"},"content":{"rendered":"[et_pb_section admin_label=&#8221;section&#8221;]\n\t\t\t[et_pb_row admin_label=&#8221;row&#8221;]\n\t\t\t\t[et_pb_column type=&#8221;4_4&#8243;][et_pb_text admin_label=&#8221;Text&#8221;]\n<div class=\"wp-block-cover alignwide wp-duotone-000000-ffffff-1\"><span aria-hidden=\"true\" class=\"wp-block-cover__background has-background-dim\"><\/span><img loading=\"lazy\" decoding=\"async\" width=\"400\" height=\"400\" class=\"wp-block-cover__image-background wp-image-7\" alt=\"\" src=\"https:\/\/www.ilkkaii.com\/wp-content\/uploads\/2022\/08\/3C26C13A-74D5-4A61-8BD7-18F465EFFC89.jpeg\" data-object-fit=\"cover\" srcset=\"https:\/\/www.ilkkaii.com\/wp-content\/uploads\/2022\/08\/3C26C13A-74D5-4A61-8BD7-18F465EFFC89.jpeg 400w, https:\/\/www.ilkkaii.com\/wp-content\/uploads\/2022\/08\/3C26C13A-74D5-4A61-8BD7-18F465EFFC89-300x300.jpeg 300w, https:\/\/www.ilkkaii.com\/wp-content\/uploads\/2022\/08\/3C26C13A-74D5-4A61-8BD7-18F465EFFC89-150x150.jpeg 150w\" sizes=\"(max-width: 400px) 100vw, 400px\" \/><div class=\"wp-block-cover__inner-container is-layout-flow wp-block-cover-is-layout-flow\">\n<p class=\"has-text-align-center has-large-font-size\">N\u00e4yttelyt &#8211; Exhibitions<\/p>\n\n\n\n<p>Yksityisn\u00e4yttelyt:&nbsp;<\/p>\n\n\n\n<p><strong>2018<\/strong><br>Expansion of the universe<br>Cafe Talo, Helsinki<\/p>\n\n\n\n<p><strong>2019<\/strong>&nbsp;<br>Tervetuloa Mummolaan<br>Bock\u2019s Corner brewery, Vaasa<\/p>\n\n\n\n<p><strong>2020<\/strong><br>\u00d6isin<br>Galleria Salmi, Helsinki<\/p>\n\n\n\n<p><strong>2021<\/strong><br>Uutisia&nbsp;<br>Her\u00e4\u00e4m\u00e5, Helsinki<\/p>\n\n\n\n<p>Myyntin\u00e4yttely<br>Space81, Turku<\/p>\n\n\n\n<p>Teoksia vuosilta 2019-2021<br>Wasa Graffitilandia, Vaasa<\/p>\n\n\n\n<p>Valitut teokset 2020-2021<br>Kind Of Green, Helsinki<\/p>\n\n\n\n<p><strong>2022<\/strong><br>Ikkunaostoksilla<br>Chill, Lahti<\/p>\n\n\n\n<p>Unohtuneet Hitit<br>Still Standing, Sein\u00e4joki<\/p>\n\n\n\n<p>Aikaa ei ole, on vaan mittareita<br>Romu &amp; Random, Tampere<\/p>\n\n\n\n<p>Yhteisn\u00e4yttelyt\/Ryhm\u00e4n\u00e4yttelyt<\/p>\n\n\n\n<p><strong>2016<\/strong><br>Nina Kuu &amp; Ilkka II<\/p>\n\n\n\n<p><strong>2022<\/strong><br>Ikuisen kes\u00e4n pop-up galleria, Espoo<\/p>\n\n\n\n<p class=\"has-text-align-center has-large-font-size\"><br><\/p>\n<\/div><\/div>\n[\/et_pb_text][\/et_pb_column]\n\t\t\t[\/et_pb_row]\n\t\t[\/et_pb_section]","protected":false},"excerpt":{"rendered":"<p>N\u00e4yttelyt &#8211; Exhibitions Yksityisn\u00e4yttelyt:&nbsp; 2018Expansion of the universeCafe Talo, Helsinki 2019&nbsp;Tervetuloa MummolaanBock\u2019s Corner brewery, Vaasa 2020\u00d6isinGalleria Salmi, Helsinki 2021Uutisia&nbsp;Her\u00e4\u00e4m\u00e5, Helsinki Myyntin\u00e4yttelySpace81, Turku Teoksia vuosilta 2019-2021Wasa Graffitilandia, Vaasa Valitut teokset 2020-2021Kind Of Green, Helsinki 2022IkkunaostoksillaChill, Lahti Unohtuneet HititStill Standing, Sein\u00e4joki Aikaa ei ole, on vaan mittareitaRomu &amp; Random, Tampere Yhteisn\u00e4yttelyt\/Ryhm\u00e4n\u00e4yttelyt 2016Nina Kuu &amp; Ilkka II 2022Ikuisen [&hellip;]<\/p>\n","protected":false},"author":1,"featured_media":0,"parent":0,"menu_order":0,"comment_status":"closed","ping_status":"closed","template":"","meta":{"_et_pb_use_builder":"on","_et_pb_old_content":"<!-- wp:cover {\"url\":\"https:\/\/www.ilkkaii.com\/wp-content\/uploads\/2022\/08\/3C26C13A-74D5-4A61-8BD7-18F465EFFC89.jpeg\",\"id\":7,\"dimRatio\":50,\"align\":\"wide\",\"style\":{\"color\":{\"duotone\":[\"#000000\",\"#ffffff\"]}}} -->\n<div class=\"wp-block-cover alignwide\"><span aria-hidden=\"true\" class=\"wp-block-cover__background has-background-dim\"><\/span><img class=\"wp-block-cover__image-background wp-image-7\" alt=\"\" src=\"https:\/\/www.ilkkaii.com\/wp-content\/uploads\/2022\/08\/3C26C13A-74D5-4A61-8BD7-18F465EFFC89.jpeg\" data-object-fit=\"cover\"\/><div class=\"wp-block-cover__inner-container\"><!-- wp:paragraph {\"align\":\"center\",\"fontSize\":\"large\"} -->\n<p class=\"has-text-align-center has-large-font-size\">N\u00e4yttelyt - Exhibitions<\/p>\n<!-- \/wp:paragraph -->\n\n<!-- wp:paragraph -->\n<p>Yksityisn\u00e4yttelyt:&nbsp;<\/p>\n<!-- \/wp:paragraph -->\n\n<!-- wp:paragraph -->\n<p><strong>2018<\/strong><br>Expansion of the universe<br>Cafe Talo, Helsinki<\/p>\n<!-- \/wp:paragraph -->\n\n<!-- wp:paragraph -->\n<p><strong>2019<\/strong>&nbsp;<br>Tervetuloa Mummolaan<br>Bock\u2019s Corner brewery, Vaasa<\/p>\n<!-- \/wp:paragraph -->\n\n<!-- wp:paragraph -->\n<p><strong>2020<\/strong><br>\u00d6isin<br>Galleria Salmi, Helsinki<\/p>\n<!-- \/wp:paragraph -->\n\n<!-- wp:paragraph -->\n<p><strong>2021<\/strong><br>Uutisia&nbsp;<br>Her\u00e4\u00e4m\u00e5, Helsinki<\/p>\n<!-- \/wp:paragraph -->\n\n<!-- wp:paragraph -->\n<p>Myyntin\u00e4yttely<br>Space81, Turku<\/p>\n<!-- \/wp:paragraph -->\n\n<!-- wp:paragraph -->\n<p>Teoksia vuosilta 2019-2021<br>Wasa Graffitilandia, Vaasa<\/p>\n<!-- \/wp:paragraph -->\n\n<!-- wp:paragraph -->\n<p>Valitut teokset 2020-2021<br>Kind Of Green, Helsinki<\/p>\n<!-- \/wp:paragraph -->\n\n<!-- wp:paragraph -->\n<p><strong>2022<\/strong><br>Ikkunaostoksilla<br>Chill, Lahti<\/p>\n<!-- \/wp:paragraph -->\n\n<!-- wp:paragraph -->\n<p>Unohtuneet Hitit<br>Still Standing, Sein\u00e4joki<\/p>\n<!-- \/wp:paragraph -->\n\n<!-- wp:paragraph -->\n<p>Aikaa ei ole, on vaan mittareita<br>Romu &amp; Random, Tampere<\/p>\n<!-- \/wp:paragraph -->\n\n<!-- wp:paragraph -->\n<p>Yhteisn\u00e4yttelyt\/Ryhm\u00e4n\u00e4yttelyt<\/p>\n<!-- \/wp:paragraph -->\n\n<!-- wp:paragraph -->\n<p><strong>2016<\/strong><br>Nina Kuu &amp; Ilkka II<\/p>\n<!-- \/wp:paragraph -->\n\n<!-- wp:paragraph -->\n<p><strong>2022<\/strong><br>Ikuisen kes\u00e4n pop-up galleria, Espoo<\/p>\n<!-- \/wp:paragraph -->\n\n<!-- wp:paragraph {\"align\":\"center\",\"fontSize\":\"large\"} -->\n<p class=\"has-text-align-center has-large-font-size\"><br><\/p>\n<!-- \/wp:paragraph --><\/div><\/div>\n<!-- \/wp:cover -->","_et_gb_content_width":"","footnotes":""},"class_list":["post-6","page","type-page","status-publish","hentry"],"yoast_head":"<!-- This site is optimized with the Yoast SEO plugin v27.5 - https:\/\/yoast.com\/product\/yoast-seo-wordpress\/ -->\n<title>Ilkka II - IlkkaII Art<\/title>\n<meta name=\"robots\" content=\"index, follow, max-snippet:-1, max-image-preview:large, max-video-preview:-1\" \/>\n<link rel=\"canonical\" href=\"https:\/\/www.ilkkaii.com\/index.php\/ilkka-ii\/\" \/>\n<meta property=\"og:locale\" content=\"fi_FI\" \/>\n<meta property=\"og:type\" content=\"article\" \/>\n<meta property=\"og:title\" content=\"Ilkka II - IlkkaII Art\" \/>\n<meta property=\"og:description\" content=\"N\u00e4yttelyt - Exhibitions Yksityisn\u00e4yttelyt:&nbsp; 2018Expansion of the universeCafe Talo, Helsinki 2019&nbsp;Tervetuloa MummolaanBock\u2019s Corner brewery, Vaasa 2020\u00d6isinGalleria Salmi, Helsinki 2021Uutisia&nbsp;Her\u00e4\u00e4m\u00e5, Helsinki Myyntin\u00e4yttelySpace81, Turku Teoksia vuosilta 2019-2021Wasa Graffitilandia, Vaasa Valitut teokset 2020-2021Kind Of Green, Helsinki 2022IkkunaostoksillaChill, Lahti Unohtuneet HititStill Standing, Sein\u00e4joki Aikaa ei ole, on vaan mittareitaRomu &amp; Random, Tampere Yhteisn\u00e4yttelyt\/Ryhm\u00e4n\u00e4yttelyt 2016Nina Kuu &amp; Ilkka II 2022Ikuisen [&hellip;]\" \/>\n<meta property=\"og:url\" content=\"https:\/\/www.ilkkaii.com\/index.php\/ilkka-ii\/\" \/>\n<meta property=\"og:site_name\" content=\"IlkkaII Art\" \/>\n<meta property=\"article:modified_time\" content=\"2022-11-29T19:42:24+00:00\" \/>\n<meta property=\"og:image\" content=\"https:\/\/www.ilkkaii.com\/wp-content\/uploads\/2022\/08\/3C26C13A-74D5-4A61-8BD7-18F465EFFC89.jpeg\" \/>\n<meta name=\"twitter:card\" content=\"summary_large_image\" \/>\n<meta name=\"twitter:label1\" content=\"Arvioitu lukuaika\" \/>\n\t<meta name=\"twitter:data1\" content=\"1 minuutti\" \/>\n<script type=\"application\/ld+json\" class=\"yoast-schema-graph\">{\"@context\":\"https:\\\/\\\/schema.org\",\"@graph\":[{\"@type\":\"WebPage\",\"@id\":\"https:\\\/\\\/www.ilkkaii.com\\\/index.php\\\/ilkka-ii\\\/\",\"url\":\"https:\\\/\\\/www.ilkkaii.com\\\/index.php\\\/ilkka-ii\\\/\",\"name\":\"Ilkka II - IlkkaII Art\",\"isPartOf\":{\"@id\":\"https:\\\/\\\/www.ilkkaii.com\\\/#website\"},\"primaryImageOfPage\":{\"@id\":\"https:\\\/\\\/www.ilkkaii.com\\\/index.php\\\/ilkka-ii\\\/#primaryimage\"},\"image\":{\"@id\":\"https:\\\/\\\/www.ilkkaii.com\\\/index.php\\\/ilkka-ii\\\/#primaryimage\"},\"thumbnailUrl\":\"https:\\\/\\\/www.ilkkaii.com\\\/wp-content\\\/uploads\\\/2022\\\/08\\\/3C26C13A-74D5-4A61-8BD7-18F465EFFC89.jpeg\",\"datePublished\":\"2022-08-24T18:52:14+00:00\",\"dateModified\":\"2022-11-29T19:42:24+00:00\",\"breadcrumb\":{\"@id\":\"https:\\\/\\\/www.ilkkaii.com\\\/index.php\\\/ilkka-ii\\\/#breadcrumb\"},\"inLanguage\":\"fi\",\"potentialAction\":[{\"@type\":\"ReadAction\",\"target\":[\"https:\\\/\\\/www.ilkkaii.com\\\/index.php\\\/ilkka-ii\\\/\"]}]},{\"@type\":\"ImageObject\",\"inLanguage\":\"fi\",\"@id\":\"https:\\\/\\\/www.ilkkaii.com\\\/index.php\\\/ilkka-ii\\\/#primaryimage\",\"url\":\"https:\\\/\\\/www.ilkkaii.com\\\/wp-content\\\/uploads\\\/2022\\\/08\\\/3C26C13A-74D5-4A61-8BD7-18F465EFFC89.jpeg\",\"contentUrl\":\"https:\\\/\\\/www.ilkkaii.com\\\/wp-content\\\/uploads\\\/2022\\\/08\\\/3C26C13A-74D5-4A61-8BD7-18F465EFFC89.jpeg\",\"width\":400,\"height\":400},{\"@type\":\"BreadcrumbList\",\"@id\":\"https:\\\/\\\/www.ilkkaii.com\\\/index.php\\\/ilkka-ii\\\/#breadcrumb\",\"itemListElement\":[{\"@type\":\"ListItem\",\"position\":1,\"name\":\"Etusivu\",\"item\":\"https:\\\/\\\/www.ilkkaii.com\\\/\"},{\"@type\":\"ListItem\",\"position\":2,\"name\":\"Ilkka II\"}]},{\"@type\":\"WebSite\",\"@id\":\"https:\\\/\\\/www.ilkkaii.com\\\/#website\",\"url\":\"https:\\\/\\\/www.ilkkaii.com\\\/\",\"name\":\"IlkkaII Art\",\"description\":\"Ilkkaii art exhibitions and gallery\",\"publisher\":{\"@id\":\"https:\\\/\\\/www.ilkkaii.com\\\/#organization\"},\"potentialAction\":[{\"@type\":\"SearchAction\",\"target\":{\"@type\":\"EntryPoint\",\"urlTemplate\":\"https:\\\/\\\/www.ilkkaii.com\\\/?s={search_term_string}\"},\"query-input\":{\"@type\":\"PropertyValueSpecification\",\"valueRequired\":true,\"valueName\":\"search_term_string\"}}],\"inLanguage\":\"fi\"},{\"@type\":\"Organization\",\"@id\":\"https:\\\/\\\/www.ilkkaii.com\\\/#organization\",\"name\":\"IlkkaII Art\",\"url\":\"https:\\\/\\\/www.ilkkaii.com\\\/\",\"logo\":{\"@type\":\"ImageObject\",\"inLanguage\":\"fi\",\"@id\":\"https:\\\/\\\/www.ilkkaii.com\\\/#\\\/schema\\\/logo\\\/image\\\/\",\"url\":\"https:\\\/\\\/www.ilkkaii.com\\\/wp-content\\\/uploads\\\/2022\\\/08\\\/cropped-WhatsApp-Image-2022-04-08-at-11.36.30.jpeg\",\"contentUrl\":\"https:\\\/\\\/www.ilkkaii.com\\\/wp-content\\\/uploads\\\/2022\\\/08\\\/cropped-WhatsApp-Image-2022-04-08-at-11.36.30.jpeg\",\"width\":512,\"height\":512,\"caption\":\"IlkkaII Art\"},\"image\":{\"@id\":\"https:\\\/\\\/www.ilkkaii.com\\\/#\\\/schema\\\/logo\\\/image\\\/\"},\"sameAs\":[\"https:\\\/\\\/www.instagram.com\\\/ilkkaii\\\/\"]}]}<\/script>\n<!-- \/ Yoast SEO plugin. -->","yoast_head_json":{"title":"Ilkka II - IlkkaII Art","robots":{"index":"index","follow":"follow","max-snippet":"max-snippet:-1","max-image-preview":"max-image-preview:large","max-video-preview":"max-video-preview:-1"},"canonical":"https:\/\/www.ilkkaii.com\/index.php\/ilkka-ii\/","og_locale":"fi_FI","og_type":"article","og_title":"Ilkka II - IlkkaII Art","og_description":"N\u00e4yttelyt - Exhibitions Yksityisn\u00e4yttelyt:&nbsp; 2018Expansion of the universeCafe Talo, Helsinki 2019&nbsp;Tervetuloa MummolaanBock\u2019s Corner brewery, Vaasa 2020\u00d6isinGalleria Salmi, Helsinki 2021Uutisia&nbsp;Her\u00e4\u00e4m\u00e5, Helsinki Myyntin\u00e4yttelySpace81, Turku Teoksia vuosilta 2019-2021Wasa Graffitilandia, Vaasa Valitut teokset 2020-2021Kind Of Green, Helsinki 2022IkkunaostoksillaChill, Lahti Unohtuneet HititStill Standing, Sein\u00e4joki Aikaa ei ole, on vaan mittareitaRomu &amp; Random, Tampere Yhteisn\u00e4yttelyt\/Ryhm\u00e4n\u00e4yttelyt 2016Nina Kuu &amp; Ilkka II 2022Ikuisen [&hellip;]","og_url":"https:\/\/www.ilkkaii.com\/index.php\/ilkka-ii\/","og_site_name":"IlkkaII Art","article_modified_time":"2022-11-29T19:42:24+00:00","og_image":[{"url":"https:\/\/www.ilkkaii.com\/wp-content\/uploads\/2022\/08\/3C26C13A-74D5-4A61-8BD7-18F465EFFC89.jpeg","type":"","width":"","height":""}],"twitter_card":"summary_large_image","twitter_misc":{"Arvioitu lukuaika":"1 minuutti"},"schema":{"@context":"https:\/\/schema.org","@graph":[{"@type":"WebPage","@id":"https:\/\/www.ilkkaii.com\/index.php\/ilkka-ii\/","url":"https:\/\/www.ilkkaii.com\/index.php\/ilkka-ii\/","name":"Ilkka II - IlkkaII Art","isPartOf":{"@id":"https:\/\/www.ilkkaii.com\/#website"},"primaryImageOfPage":{"@id":"https:\/\/www.ilkkaii.com\/index.php\/ilkka-ii\/#primaryimage"},"image":{"@id":"https:\/\/www.ilkkaii.com\/index.php\/ilkka-ii\/#primaryimage"},"thumbnailUrl":"https:\/\/www.ilkkaii.com\/wp-content\/uploads\/2022\/08\/3C26C13A-74D5-4A61-8BD7-18F465EFFC89.jpeg","datePublished":"2022-08-24T18:52:14+00:00","dateModified":"2022-11-29T19:42:24+00:00","breadcrumb":{"@id":"https:\/\/www.ilkkaii.com\/index.php\/ilkka-ii\/#breadcrumb"},"inLanguage":"fi","potentialAction":[{"@type":"ReadAction","target":["https:\/\/www.ilkkaii.com\/index.php\/ilkka-ii\/"]}]},{"@type":"ImageObject","inLanguage":"fi","@id":"https:\/\/www.ilkkaii.com\/index.php\/ilkka-ii\/#primaryimage","url":"https:\/\/www.ilkkaii.com\/wp-content\/uploads\/2022\/08\/3C26C13A-74D5-4A61-8BD7-18F465EFFC89.jpeg","contentUrl":"https:\/\/www.ilkkaii.com\/wp-content\/uploads\/2022\/08\/3C26C13A-74D5-4A61-8BD7-18F465EFFC89.jpeg","width":400,"height":400},{"@type":"BreadcrumbList","@id":"https:\/\/www.ilkkaii.com\/index.php\/ilkka-ii\/#breadcrumb","itemListElement":[{"@type":"ListItem","position":1,"name":"Etusivu","item":"https:\/\/www.ilkkaii.com\/"},{"@type":"ListItem","position":2,"name":"Ilkka II"}]},{"@type":"WebSite","@id":"https:\/\/www.ilkkaii.com\/#website","url":"https:\/\/www.ilkkaii.com\/","name":"IlkkaII Art","description":"Ilkkaii art exhibitions and gallery","publisher":{"@id":"https:\/\/www.ilkkaii.com\/#organization"},"potentialAction":[{"@type":"SearchAction","target":{"@type":"EntryPoint","urlTemplate":"https:\/\/www.ilkkaii.com\/?s={search_term_string}"},"query-input":{"@type":"PropertyValueSpecification","valueRequired":true,"valueName":"search_term_string"}}],"inLanguage":"fi"},{"@type":"Organization","@id":"https:\/\/www.ilkkaii.com\/#organization","name":"IlkkaII Art","url":"https:\/\/www.ilkkaii.com\/","logo":{"@type":"ImageObject","inLanguage":"fi","@id":"https:\/\/www.ilkkaii.com\/#\/schema\/logo\/image\/","url":"https:\/\/www.ilkkaii.com\/wp-content\/uploads\/2022\/08\/cropped-WhatsApp-Image-2022-04-08-at-11.36.30.jpeg","contentUrl":"https:\/\/www.ilkkaii.com\/wp-content\/uploads\/2022\/08\/cropped-WhatsApp-Image-2022-04-08-at-11.36.30.jpeg","width":512,"height":512,"caption":"IlkkaII Art"},"image":{"@id":"https:\/\/www.ilkkaii.com\/#\/schema\/logo\/image\/"},"sameAs":["https:\/\/www.instagram.com\/ilkkaii\/"]}]}},"_links":{"self":[{"href":"https:\/\/www.ilkkaii.com\/index.php\/wp-json\/wp\/v2\/pages\/6","targetHints":{"allow":["GET"]}}],"collection":[{"href":"https:\/\/www.ilkkaii.com\/index.php\/wp-json\/wp\/v2\/pages"}],"about":[{"href":"https:\/\/www.ilkkaii.com\/index.php\/wp-json\/wp\/v2\/types\/page"}],"author":[{"embeddable":true,"href":"https:\/\/www.ilkkaii.com\/index.php\/wp-json\/wp\/v2\/users\/1"}],"replies":[{"embeddable":true,"href":"https:\/\/www.ilkkaii.com\/index.php\/wp-json\/wp\/v2\/comments?post=6"}],"version-history":[{"count":3,"href":"https:\/\/www.ilkkaii.com\/index.php\/wp-json\/wp\/v2\/pages\/6\/revisions"}],"predecessor-version":[{"id":218,"href":"https:\/\/www.ilkkaii.com\/index.php\/wp-json\/wp\/v2\/pages\/6\/revisions\/218"}],"wp:attachment":[{"href":"https:\/\/www.ilkkaii.com\/index.php\/wp-json\/wp\/v2\/media?parent=6"}],"curies":[{"name":"wp","href":"https:\/\/api.w.org\/{rel}","templated":true}]}}